{"id":66,"date":"2024-01-19T20:19:18","date_gmt":"2024-01-19T23:19:18","guid":{"rendered":"http:\/\/norteaco.com\/?page_id=66"},"modified":"2024-02-15T12:08:23","modified_gmt":"2024-02-15T15:08:23","slug":"mesmerize-2","status":"publish","type":"page","link":"https:\/\/norteaco.com\/","title":{"rendered":"Front Page"},"content":{"rendered":"<div  id=\"quem-somos\" style=\"background-color: #ffffff;\" data-label=\"QUEM SOMOS\" data-id=\"features-16-card-bordered\" data-export-id=\"features-16-card-bordered\" data-category=\"features\" class=\"features-16-card-bordered content-section content-section-spacing\"><div  class=\"gridContainer\"> <div  class=\"row text-center\"><div  class=\"section-title-col\" data-type=\"column\"> <h2  class=\"\" style=\"border-bottom-color: rgb(48, 178, 73);\">QUEM SOMOS<\/h2> <p  class=\"lead\">A Norte A\u00e7o \u00e9 uma empresa tradicional no mercado de corte de chapas de a\u00e7o, tendo uma grande experi\u00eancia na execu\u00e7\u00e3o nesse segmento.<br >Contamos com uma estrutura de excelente qualidade, estando capacitada para executar variados projetos de acordo com a necessidade dos clientes.<\/p><h5  class=\"\"><\/h5><h4  class=\"\" style=\"margin-top: 1.5rem; margin-bottom: 2rem;\">Executamos cortes em pe\u00e7as nos diversos tamanhos e formatos, tais como:<\/h4><\/div> <\/div> <div  class=\"row spaced-cols center-sm content-center-sm\" data-type=\"row\"> <div  class=\"col-xs-12 col-sm-6 col-md-4\"> <div  class=\"card no-padding bordered y-move\">  <div  data-type=\"column\" class=\"col-padding-small col-padding-small-xs description-container\"><h4  class=\"\">QUADRADOS<\/h4>  <\/div> <div  data-type=\"column\" class=\"col-padding-small col-padding-small-xs read-more-container\"><img  decoding=\"async\" class=\"custom-image\" src=\"https:\/\/norteaco.com\/wp-content\/uploads\/2024\/01\/20240126_120420-quadrados-346x230-1.jpg\" title=\"20240126_120420-quadrados-346x230\" alt=\"\"><\/div> <\/div><\/div> <div  class=\"col-xs-12 col-sm-6 col-md-4\"><div  class=\"card no-padding bordered y-move\">  <div  data-type=\"column\" class=\"col-padding-small col-padding-small-xs description-container\"><h4  class=\"\">RET\u00c2NGULOS<\/h4>  <\/div> <div  data-type=\"column\" class=\"col-padding-small col-padding-small-xs read-more-container\"><img  decoding=\"async\" class=\"custom-image\" src=\"https:\/\/norteaco.com\/wp-content\/uploads\/2024\/01\/20240126_120908-retangulo-346x230-1.jpg\" title=\"20240126_120908-retangulo-346x230\" alt=\"\"><\/div> <\/div><\/div> <div  class=\"col-xs-12 col-sm-6 col-md-4\"><div  class=\"card no-padding bordered y-move\">  <div  data-type=\"column\" class=\"col-padding-small col-padding-small-xs description-container\"><h4  class=\"\">MODELOS<\/h4>  <\/div> <div  data-type=\"column\" class=\"col-padding-small col-padding-small-xs read-more-container\"><img  decoding=\"async\" class=\"custom-image\" src=\"https:\/\/norteaco.com\/wp-content\/uploads\/2024\/01\/20240126_121254-modelo-346x230-1.jpg\" title=\"20240126_121254-modelo-346x230\" alt=\"\"><\/div> <\/div><\/div> <div  class=\"col-xs-12 col-sm-6 col-md-4\"> <div  class=\"card no-padding bordered y-move\">  <div  data-type=\"column\" class=\"col-padding-small col-padding-small-xs description-container\"><h4  class=\"\">DESENHOS<\/h4>  <\/div> <div  data-type=\"column\" class=\"col-padding-small col-padding-small-xs read-more-container\"><img  decoding=\"async\" class=\"custom-image\" src=\"https:\/\/norteaco.com\/wp-content\/uploads\/2024\/01\/20240126_120609-desenhos-346x230-1.jpg\" title=\"20240126_120609-desenhos-346x230\" alt=\"\"><\/div> <\/div><\/div><div  class=\"col-xs-12 col-sm-6 col-md-4\"> <div  class=\"card no-padding bordered y-move\">  <div  data-type=\"column\" class=\"col-padding-small col-padding-small-xs description-container\"><h4  class=\"\">DISCOS<\/h4>  <\/div> <div  data-type=\"column\" class=\"col-padding-small col-padding-small-xs read-more-container\"><img  decoding=\"async\" class=\"custom-image\" src=\"https:\/\/norteaco.com\/wp-content\/uploads\/2024\/01\/20240126_121508-discos-346x230-1.jpg\" title=\"20240126_121508-discos-346x230\" alt=\"\"><\/div> <\/div><\/div><div  class=\"col-xs-12 col-sm-6 col-md-4\"> <div  class=\"card no-padding bordered y-move\">  <div  data-type=\"column\" class=\"col-padding-small col-padding-small-xs description-container\"><h4  class=\"\">AN\u00c9IS<\/h4>  <\/div> <div  data-type=\"column\" class=\"col-padding-small col-padding-small-xs read-more-container\"><img  decoding=\"async\" class=\"custom-image\" src=\"https:\/\/norteaco.com\/wp-content\/uploads\/2024\/01\/20240126_120815-discos-346x230-1.jpg\" title=\"20240126_120815-discos-346x230\" alt=\"\"><\/div> <\/div><\/div><\/div><\/div> <\/div><div  id=\"produtos-e-servicos\" style=\"background-color: #ffffff;\" data-label=\"PRODUTOS E SERVICOS\" data-id=\"testimonials-5\" data-export-id=\"testimonials-5\" data-category=\"testimonials\" class=\"testimonials-5 content-section content-section-spacing\"><div  class=\"gridContainer\"> <div  class=\"row\"><div  data-type=\"column\" class=\"section-title-col\"> <h2  class=\"\" style=\"border-bottom-color: rgb(48, 178, 73);\">PRODUTOS E SERVI\u00c7OS<\/h2> <h4  class=\"\">Oferecemos os melhores produtos e servi\u00e7os de corte do mercado<\/h4><\/div> <\/div> <div  class=\"row spaced-cols content-center-sm\" data-type=\"row\"> <div  class=\"col-xs-12 col-sm-6 col-md-4\"> <div  class=\"card y-move bordered\" data-type=\"column\">  <h6  class=\"\">A\u00c7OS REDONDOS<\/h6><p  class=\"lead\"><span  style=\"color: rgb(142, 157, 174); font-size: 16px;\">1020, 1045 e 4140 (laminados e trefilados).<\/span><\/p>   <h5  class=\"\"><span  style=\"font-size: 14px; letter-spacing: normal;\">CHAPAS<\/span><\/h5><p  class=\"lead\"><span  style=\"color: rgb(142, 157, 174); font-size: 16px;\">1\/8\u2033 at\u00e9 12\u2033, nas normas SAE, ASTM, SAC, SAR e USIAR.<\/span><\/p><h5  class=\"\"><span  style=\"font-size: 14px; letter-spacing: normal;\">A\u00c7O COMUM<\/span><\/h5><p  class=\"lead\"><span  style=\"color: rgb(142, 157, 174); font-size: 16px;\">Vigas, Cantoneiras, Barras Chatas e A\u00e7os Quadrados (Laminados e Trefilados).<\/span><\/p><\/div> <\/div> <div  class=\"col-xs-12 col-sm-6 col-md-4\"> <div  class=\"card y-move bordered\" data-type=\"column\"> <h6  class=\"\">FERRO FUNDIDO<\/h6>    <p  class=\"lead\"><span  style=\"color: rgb(142, 157, 174); font-size: 16px;\">GG 20, GG 25, GG 30.<\/span><br  style=\"color: rgb(142, 157, 174); font-size: 16px;\"><span  style=\"color: rgb(142, 157, 174); font-size: 16px;\">De 42 mm at\u00e9 250 mm.<\/span><\/p><h5  class=\"\"><span  style=\"font-size: 14px; letter-spacing: normal;\">SEXTAVADOS<\/span><\/h5><p  class=\"lead\"><span  style=\"color: rgb(142, 157, 174); font-size: 16px;\">1\/2\u2033 at\u00e9 1.1\/2\u2033, 1045 trefilados;<\/span><\/p><h5  class=\"\"><span  style=\"font-size: 14px; letter-spacing: normal;\">OXICORTE<\/span><\/h5><p  class=\"lead\"><span  style=\"color: rgb(142, 157, 174); font-size: 16px;\">Cortes com CNC, Ma\u00e7aricos e Fotoc\u00e9lula.<\/span><\/p><\/div> <\/div> <div  class=\"col-xs-12 col-sm-6 col-md-4\"> <div  class=\"card y-move bordered\" data-type=\"column\"> <h6  class=\"\">CORTES<\/h6>    <p  class=\"lead\"><span  style=\"color: rgb(142, 157, 174); font-size: 16px;\">Maquin\u00e1rio com serra de fita para corte em barras .<\/span><\/p><h5  class=\"\"><span  style=\"font-size: 14px; letter-spacing: normal;\">TRATAMENTO T\u00c9RMICO<\/span><\/h5><p  class=\"lead\"><span  style=\"color: rgb(142, 157, 174); font-size: 16px;\">Temos parceiros para servi\u00e7o de tratamento termico.<\/span><\/p><h5  class=\"\"><span  style=\"font-size: 14px; letter-spacing: normal;\">CORTES EM CNC<\/span><\/h5><p  class=\"lead\"><span  style=\"color: rgb(142, 157, 174); font-size: 16px;\">Cortes em CNC com alta precis\u00e3o, retos, discos, an\u00e9is e desenhos<\/span><\/p><\/div> <\/div><\/div> <\/div><\/div><div  id=\"infraestrutura\" style=\"background-color: #f5fafd;\" data-label=\"INFRAESTRUTURA\" data-id=\"portfolio-4\" data-export-id=\"portfolio-4\" data-category=\"portfolio\" class=\"portfolio-4 content-section content-section-spacing-top\"><div  class=\"\"> <div  class=\"row text-center\"><div  class=\"section-title-col\" data-type=\"column\"> <h2  class=\"\" style=\"border-bottom-color: rgb(48, 178, 73);\">INFRAESTRUTURA<\/h2> <p  class=\"lead\">Temos uma infraestrutura para atender diversas necessidades do cliente, contamos com equipamentos de m\u00e9dio e grande porte capazes de atender grandes demandas do mercado.<\/p><\/div> <\/div> <div  data-type=\"row\" class=\"row\" data-fixed=\"true\">  <div  class=\"col-xs-12 col-sm-3 no-gutter-col\"><div  class=\"contentswap-effect\" data-hover-fx=\"portfolio-4\"> <div  class=\"initial-image\"> <img  decoding=\"async\" data-size=\"542x360\" src=\"https:\/\/norteaco.com\/wp-content\/uploads\/2024\/01\/WhatsApp-Image-2024-01-18-at-16.29.35-1.jpeg\"><\/div> <div  class=\"overlay bg-color1\"><\/div> <div  class=\"swap-inner col-xs-12\"> <div  class=\"row full-height-row middle-xs middle-sm\"> <div  class=\"col-xs-12 text-center content-holder\"> <a href=\"https:\/\/norteaco.com\/wp-content\/uploads\/2024\/01\/WhatsApp-Image-2024-01-18-at-16.29.35-1.jpeg\" target=\"_blank\" rel=\"noopener\" class=\"\"><i  class=\"fa icon portfolio-icon fa-search big\" aria-hidden=\"true\"><\/i><\/a><\/div> <\/div><\/div> <\/div><\/div> <div  class=\"col-xs-12 col-sm-3 no-gutter-col\"><div  class=\"contentswap-effect\" data-hover-fx=\"portfolio-4\"> <div  class=\"initial-image\"> <img  decoding=\"async\" data-size=\"542x360\" src=\"https:\/\/norteaco.com\/wp-content\/uploads\/2024\/01\/20240126_121532-542x360-1.jpg\"><\/div> <div  class=\"overlay bg-color1\"><\/div> <div  class=\"swap-inner col-xs-12\"> <div  class=\"row full-height-row middle-xs middle-sm\"> <div  class=\"col-xs-12 text-center content-holder\"> <a href=\"https:\/\/norteaco.com\/wp-content\/uploads\/2024\/01\/20240126_121532-542x360-1.jpg\" target=\"_blank\" rel=\"noopener\" class=\"\"><i  class=\"fa icon portfolio-icon fa-search big\" aria-hidden=\"true\"><\/i><\/a><\/div> <\/div><\/div> <\/div><\/div> <div  class=\"col-xs-12 col-sm-3 no-gutter-col\"><div  class=\"contentswap-effect\" data-hover-fx=\"portfolio-4\"> <div  class=\"initial-image\"> <img  decoding=\"async\" data-size=\"542x360\" src=\"https:\/\/norteaco.com\/wp-content\/uploads\/2024\/01\/20240126_121958.jpg\"><\/div> <div  class=\"overlay bg-color1\"><\/div> <div  class=\"swap-inner col-xs-12\"> <div  class=\"row full-height-row middle-xs middle-sm\"> <div  class=\"col-xs-12 text-center content-holder\"> <a href=\"https:\/\/norteaco.com\/wp-content\/uploads\/2024\/01\/20240126_121958.jpg\" target=\"_blank\" rel=\"noopener\" class=\"\"><i  class=\"fa icon portfolio-icon fa-search big\" aria-hidden=\"true\"><\/i><\/a><\/div> <\/div><\/div> <\/div><\/div> <div  class=\"col-xs-12 col-sm-3 no-gutter-col\"><div  class=\"contentswap-effect\" data-hover-fx=\"portfolio-4\"> <div  class=\"initial-image\"> <img  decoding=\"async\" data-size=\"542x360\" src=\"https:\/\/norteaco.com\/wp-content\/uploads\/2024\/01\/20240126_121932.jpg\"><\/div> <div  class=\"overlay bg-color1\"><\/div> <div  class=\"swap-inner col-xs-12\"> <div  class=\"row full-height-row middle-xs middle-sm\"> <div  class=\"col-xs-12 text-center content-holder\"> <a href=\"https:\/\/norteaco.com\/wp-content\/uploads\/2024\/01\/20240126_121932.jpg\" target=\"_self\" rel=\"noopener\" class=\"\"><i  class=\"fa icon portfolio-icon fa-search big\" aria-hidden=\"true\"><\/i><\/a><\/div> <\/div><\/div> <\/div><\/div> <div  class=\"col-xs-12 col-sm-3 no-gutter-col\"><div  class=\"contentswap-effect\" data-hover-fx=\"portfolio-4\"> <div  class=\"initial-image\"> <img  decoding=\"async\" data-size=\"542x360\" src=\"https:\/\/norteaco.com\/wp-content\/uploads\/2024\/01\/20240126_120420-542x360-1.jpg\"><\/div> <div  class=\"overlay bg-color1\"><\/div> <div  class=\"swap-inner col-xs-12\"> <div  class=\"row full-height-row middle-xs middle-sm\"> <div  class=\"col-xs-12 text-center content-holder\"> <a href=\"https:\/\/norteaco.com\/wp-content\/uploads\/2024\/01\/20240126_120420-542x360-1.jpg\" target=\"_blank\" rel=\"noopener\" class=\"\"><i  class=\"fa icon portfolio-icon fa-search big\" aria-hidden=\"true\"><\/i><\/a><\/div> <\/div><\/div> <\/div><\/div> <div  class=\"col-xs-12 col-sm-3 no-gutter-col\"><div  class=\"contentswap-effect\" data-hover-fx=\"portfolio-4\"> <div  class=\"initial-image\"> <img  decoding=\"async\" data-size=\"542x360\" src=\"https:\/\/norteaco.com\/wp-content\/uploads\/2024\/01\/20240126_121220-542x360-1.jpg\"><\/div> <div  class=\"overlay bg-color1\"><\/div> <div  class=\"swap-inner col-xs-12\"> <div  class=\"row full-height-row middle-xs middle-sm\"> <div  class=\"col-xs-12 text-center content-holder\"> <a href=\"https:\/\/norteaco.com\/wp-content\/uploads\/2024\/01\/20240126_121220-542x360-1.jpg\" target=\"_blank\" rel=\"noopener\" class=\"\"><i  class=\"fa icon portfolio-icon fa-search big\" aria-hidden=\"true\"><\/i><\/a><\/div> <\/div><\/div> <\/div><\/div> <div  class=\"col-xs-12 col-sm-3 no-gutter-col\"><div  class=\"contentswap-effect\" data-hover-fx=\"portfolio-4\"> <div  class=\"initial-image\"> <img  decoding=\"async\" data-size=\"542x360\" src=\"https:\/\/norteaco.com\/wp-content\/uploads\/2024\/01\/20240126_121640.jpg\"><\/div> <div  class=\"overlay bg-color1\"><\/div> <div  class=\"swap-inner col-xs-12\"> <div  class=\"row full-height-row middle-xs middle-sm\"> <div  class=\"col-xs-12 text-center content-holder\"> <a href=\"https:\/\/norteaco.com\/wp-content\/uploads\/2024\/01\/20240126_121640.jpg\" target=\"_blank\" rel=\"noopener\" class=\"\"><i  class=\"fa icon portfolio-icon fa-search big\" aria-hidden=\"true\"><\/i><\/a><\/div> <\/div><\/div> <\/div><\/div> <div  class=\"col-xs-12 col-sm-3 no-gutter-col\"><div  class=\"contentswap-effect\" data-hover-fx=\"portfolio-4\"> <div  class=\"initial-image\"> <img  decoding=\"async\" data-size=\"542x360\" src=\"https:\/\/norteaco.com\/wp-content\/uploads\/2024\/01\/20240128_150128-542x360-.jpg\"><\/div> <div  class=\"overlay bg-color1\"><\/div> <div  class=\"swap-inner col-xs-12\"> <div  class=\"row full-height-row middle-xs middle-sm\"> <div  class=\"col-xs-12 text-center content-holder\"> <a href=\"https:\/\/norteaco.com\/wp-content\/uploads\/2024\/01\/20240128_150128-542x360-.jpg\" target=\"_blank\" rel=\"noopener\" class=\"\"><i  class=\"fa icon portfolio-icon fa-search big\" aria-hidden=\"true\"><\/i><\/a><\/div> <\/div><\/div> <\/div><\/div><\/div><\/div> <\/div><div  id=\"whatsapp\" data-label=\"WHATSAPP\" data-id=\"cta-blue-section\" data-export-id=\"cta-blue-section\" data-category=\"cta\" class=\"cta-blue-section content-section content-section-spacing-medium bg-color1 white-text\"><div  class=\"gridContainer\"> <div  class=\"row middle-xs\"><div  class=\"col-sm-8 space-bottom-xs\" data-type=\"column\"><h3  class=\"\">FA\u00c7A UM OR\u00c7AMENTO ENTRE EM CONTATO PELO WHATSAPP :<\/h3>  <\/div> <div  class=\"col-sm-4 end-sm\" data-type=\"column\"><a class=\"button blue\" href=\"https:\/\/wa.me\/\/31997274506?text=Ol%C3%A1%2C%20gostaria%20de%20fazer%20um%20or%C3%A7amento!\" target=\"_blank\" data-cp-link=\"1\" rel=\"noopener\">OR\u00c7AMENTO<\/a> <\/div> <\/div><\/div> <\/div><div  data-label=\"LOCALIZACAO\" data-id=\"about--1\" data-export-id=\"about-9\" data-category=\"about\" class=\"about-9 content-section content-section-spacing\" id=\"localizacao\" style=\"background-color: rgb(245, 250, 253);\"><div  class=\"gridContainer\"> <div  class=\"row middle-sm text-center\"><div  class=\"col-sm-5 space-bottom-xs content-column content-right-sm\" data-type=\"column\"> <h5  class=\"\">NOSSA LOCALIZA\u00c7\u00c3O<\/h5> <h2  class=\"\" style=\"border-bottom-color: rgb(48, 178, 73);\">Nossa empresa fica situada em Belo Horizonte, MG.<\/h2> <p  class=\"\">Rua Jamaica 57, Bairro Itapo\u00e3, Belo Horizonte, Minas Gerais.\n<br >CEP: 31710-310<\/p> <a class=\"button color1\" href=\"https:\/\/www.google.com.br\/maps\/place\/Norte+A%C3%A7o\/@-19.8407983,-43.962933,16.25z\/data=!4m15!1m8!3m7!1s0xa69015fe11b77f:0x29591be55a194755!2sR.+Jamaica,+57+-+Itapo%C3%A3,+Belo+Horizonte+-+MG,+31710-310!3b1!8m2!3d-19.8421703!4d-43.9625257!16s%2Fg%2F11bw3h8l_c!3m5!1s0xa69015fc6ee94d:0x76f3ef2d237e9f7b!8m2!3d-19.8421882!4d-43.9623318!16s%2Fg%2F1tg8kzc8?entry=ttu\" target=\"_blank\" data-cp-link=\"1\" rel=\"noopener\">GOOGLE MAPS<\/a><\/div> <div  class=\"col-sm-7 flexbox flexbox middle-xs center-xs space-bottom-xs\"><div  class=\"overlay-box flexbox middle-xs center-xs overlay-holder \"> <div  class=\"overlay-box-offset offset-background shadow-medium bg-color2 hide-xs\"><\/div> <a data-cp-link=\"1\" href=\"https:\/\/www.google.com.br\/maps\/place\/Norte+A%C3%A7o\/@-19.8407983,-43.962933,16.25z\/data=!4m15!1m8!3m7!1s0xa69015fe11b77f:0x29591be55a194755!2sR.+Jamaica,+57+-+Itapo%C3%A3,+Belo+Horizonte+-+MG,+31710-310!3b1!8m2!3d-19.8421703!4d-43.9625257!16s%2Fg%2F11bw3h8l_c!3m5!1s0xa69015fc6ee94d:0x76f3ef2d237e9f7b!8m2!3d-19.8421882!4d-43.9623318!16s%2Fg%2F1tg8kzc8?entry=ttu\" target=\"_self\" rel=\"noopener\" class=\"\"><img  decoding=\"async\" class=\"flexbox shadow-large img1\" src=\"https:\/\/norteaco.com\/wp-content\/uploads\/2024\/01\/GoogleMaps.jpg\" data-size=\"600x400\" title=\"GoogleMaps\" alt=\"\"><\/a><\/div> <\/div><\/div> <\/div><\/div><div  id=\"contato\" data-label=\"CONTATO\" data-id=\"contact-1\" data-export-id=\"contact-1\" data-category=\"contact\" class=\"contact-1 content-section content-section-spacing white-text\" data-parallax-depth=\"20\" style=\"background-image: url(&quot;https:\/\/norteaco.com\/wp-content\/uploads\/2024\/01\/a-maquina-de-corte-a-laser-corta-com-precisao-tubos-quadrados-de-aco-inoxidavel-em-uma-fabrica-de-chapas-de-alta-tecnologia_908985-113625.jpg&quot;); background-size: cover; background-position: center top;\"><div  class=\"\"> <div  class=\"row text-center\"><div  class=\"section-title-col\" data-type=\"column\"> <h2  class=\"\" style=\"border-bottom-color: rgb(48, 178, 73);\">CONTATO<\/h2> <p  class=\"lead\">Duvidas ou sugest\u00f5es envie um e-mail em breve retornaremos o seu contato:<\/p><\/div> <\/div> <div  class=\"row text-center\"> <div  class=\"col-xs-12 col-sm-8 col-sm-offset-2 contact-form-wrapper inline-info\"> <div  class=\"card large-padding\"> <div  class=\"\" data-content-shortcode=\"mesmerize_contact_form shortcode=&quot;contact-form-7 id=&amp;amp;quot;44d45ab&amp;amp;quot; title=&amp;amp;quot;Formul\u00e1rio de contato 1&amp;amp;quot;&quot;\" data-editable=\"true\">\n<div class=\"wpcf7 no-js\" id=\"wpcf7-f86-o1\" lang=\"pt-BR\" dir=\"ltr\">\n<div class=\"screen-reader-response\"><p role=\"status\" aria-live=\"polite\" aria-atomic=\"true\"><\/p> <ul><\/ul><\/div>\n<form action=\"\/index.php?rest_route=%2Fwp%2Fv2%2Fpages%2F66#wpcf7-f86-o1\" method=\"post\" class=\"wpcf7-form init\" aria-label=\"Formul\u00e1rios de contato\" novalidate=\"novalidate\" data-status=\"init\">\n<div style=\"display: none;\">\n<input type=\"hidden\" name=\"_wpcf7\" value=\"86\" \/>\n<input type=\"hidden\" name=\"_wpcf7_version\" value=\"5.8.6\" \/>\n<input type=\"hidden\" name=\"_wpcf7_locale\" value=\"pt_BR\" \/>\n<input type=\"hidden\" name=\"_wpcf7_unit_tag\" value=\"wpcf7-f86-o1\" \/>\n<input type=\"hidden\" name=\"_wpcf7_container_post\" value=\"0\" \/>\n<input type=\"hidden\" name=\"_wpcf7_posted_data_hash\" value=\"\" \/>\n<input type=\"hidden\" name=\"_wpcf7_recaptcha_response\" value=\"\" \/>\n<\/div>\n<p><label> Nome<br \/>\n<span class=\"wpcf7-form-control-wrap\" data-name=\"your-name\"><input size=\"40\" class=\"wpcf7-form-control wpcf7-text wpcf7-validates-as-required\" autocomplete=\"name\" aria-required=\"true\" aria-invalid=\"false\" value=\"\" type=\"text\" name=\"your-name\" \/><\/span> <\/label>\n<\/p>\n<p><label> Sobrenome<br \/>\n<span class=\"wpcf7-form-control-wrap\" data-name=\"your-name\"><input size=\"40\" class=\"wpcf7-form-control wpcf7-text wpcf7-validates-as-required\" autocomplete=\"name\" aria-required=\"true\" aria-invalid=\"false\" value=\"\" type=\"text\" name=\"your-name\" \/><\/span> <\/label>\n<\/p>\n<p><label> Seu e-mail<br \/>\n<span class=\"wpcf7-form-control-wrap\" data-name=\"your-email\"><input size=\"40\" class=\"wpcf7-form-control wpcf7-email wpcf7-validates-as-required wpcf7-text wpcf7-validates-as-email\" autocomplete=\"email\" aria-required=\"true\" aria-invalid=\"false\" value=\"\" type=\"email\" name=\"your-email\" \/><\/span> <\/label><br \/>\n<label> Telefone<br \/>\n<span class=\"wpcf7-form-control-wrap\" data-name=\"tel-441\"><input size=\"40\" class=\"wpcf7-form-control wpcf7-tel wpcf7-text wpcf7-validates-as-tel\" aria-invalid=\"false\" value=\"\" type=\"tel\" name=\"tel-441\" \/><\/span> <\/label>\n<\/p>\n<p><label> Assunto<br \/>\n<span class=\"wpcf7-form-control-wrap\" data-name=\"your-subject\"><input size=\"40\" class=\"wpcf7-form-control wpcf7-text wpcf7-validates-as-required\" aria-required=\"true\" aria-invalid=\"false\" value=\"\" type=\"text\" name=\"your-subject\" \/><\/span> <\/label>\n<\/p>\n<p><label> Sua mensagem<br \/>\n<span class=\"wpcf7-form-control-wrap\" data-name=\"your-message\"><textarea cols=\"40\" rows=\"10\" class=\"wpcf7-form-control wpcf7-textarea\" aria-invalid=\"false\" name=\"your-message\"><\/textarea><\/span> <\/label><br \/>\n<br \/>\n<input class=\"wpcf7-form-control wpcf7-submit has-spinner\" type=\"submit\" value=\"Enviar\" \/>\n<\/p><div class=\"wpcf7-response-output\" aria-hidden=\"true\"><\/div>\n<\/form>\n<\/div>\n<\/div><\/div> <\/div><\/div> <\/div><\/div>","protected":false},"excerpt":{"rendered":"<p>QUEM SOMOS A Norte A\u00e7o \u00e9 uma empresa tradicional no mercado de corte de chapas de a\u00e7o, tendo uma grande experi\u00eancia na execu\u00e7\u00e3o nesse segmento.Contamos com uma estrutura de excelente qualidade, estando capacitada para executar variados projetos de acordo com a necessidade dos clientes.Executamos cortes em pe\u00e7as nos diversos tamanhos e formatos, tais como: QUADRADOS&hellip; <br \/> <a class=\"read-more\" href=\"https:\/\/norteaco.com\/\">Leia mais<\/a><\/p>\n","protected":false},"author":1,"featured_media":0,"parent":0,"menu_order":0,"comment_status":"closed","ping_status":"closed","template":"page-templates\/homepage.php","meta":[],"_links":{"self":[{"href":"https:\/\/norteaco.com\/index.php?rest_route=\/wp\/v2\/pages\/66"}],"collection":[{"href":"https:\/\/norteaco.com\/index.php?rest_route=\/wp\/v2\/pages"}],"about":[{"href":"https:\/\/norteaco.com\/index.php?rest_route=\/wp\/v2\/types\/page"}],"author":[{"embeddable":true,"href":"https:\/\/norteaco.com\/index.php?rest_route=\/wp\/v2\/users\/1"}],"replies":[{"embeddable":true,"href":"https:\/\/norteaco.com\/index.php?rest_route=%2Fwp%2Fv2%2Fcomments&post=66"}],"version-history":[{"count":2,"href":"https:\/\/norteaco.com\/index.php?rest_route=\/wp\/v2\/pages\/66\/revisions"}],"predecessor-version":[{"id":232,"href":"https:\/\/norteaco.com\/index.php?rest_route=\/wp\/v2\/pages\/66\/revisions\/232"}],"wp:attachment":[{"href":"https:\/\/norteaco.com\/index.php?rest_route=%2Fwp%2Fv2%2Fmedia&parent=66"}],"curies":[{"name":"wp","href":"https:\/\/api.w.org\/{rel}","templated":true}]}}